{"id":9368,"date":"2016-02-21T02:07:54","date_gmt":"2016-02-21T01:07:54","guid":{"rendered":"http:\/\/www.valenciabass.com\/?page_id=9368"},"modified":"2016-02-24T23:40:22","modified_gmt":"2016-02-24T22:40:22","slug":"historia-vbc-ano-1995","status":"publish","type":"page","link":"https:\/\/www.valenciabass.com\/?page_id=9368","title":{"rendered":"Historia VBC: A\u00f1o 1995"},"content":{"rendered":"<p>En 1995 daba comienzo la primera liga social del club tras su fundaci\u00f3n el a\u00f1o anterior. En aquel entonces era llamativo que un club centrara sus <a href=\"http:\/\/www.valenciabass.com\/wp-content\/uploads\/LigaSocialVBC1995.pdf\">competiciones en torno a un pez importado de E.E.U.U. que despu\u00e9s devolv\u00eda al agua con vida<\/a>. Esta primera liga social fue a parar a manos de Paco Revert y Miguel Mart\u00ednez.<\/p>\n<p><img loading=\"lazy\" decoding=\"async\" src=\"http:\/\/www.valenciabass.com\/wp-content\/uploads\/PacoRevert-Miguel1995-282x300.jpg\" alt=\"PacoRevert-Miguel1995\" width=\"282\" height=\"300\" class=\"aligncenter size-medium wp-image-9395\" srcset=\"https:\/\/www.valenciabass.com\/wp-content\/uploads\/PacoRevert-Miguel1995-282x300.jpg 282w, https:\/\/www.valenciabass.com\/wp-content\/uploads\/PacoRevert-Miguel1995-250x266.jpg 250w, https:\/\/www.valenciabass.com\/wp-content\/uploads\/PacoRevert-Miguel1995.jpg 540w\" sizes=\"auto, (max-width: 282px) 100vw, 282px\" \/><\/p>\n<p>A finales del a\u00f1o anterior se cerraban las compuertas de la nueva presa del embalse de Tous que empezaba a llenarse de nuevo. Eran muchos los curiosos y pescadores que se acercaban al embalse de Tous. Sin embargo, en aquel entonces el embalse no estaba calificado por la Confederaci\u00f3n Hidrogr\u00e1fica del J\u00facar (CHJ) como apto para la navegaci\u00f3n recreativa. <\/p>\n<p>Como os pod\u00e9is imaginar esto no evitaba que los aventurados pescadores se adentraran en sus aguas. Esto llevo a la CHJ a realizar una zanja de un metro de profundidad en el camino justamente antes de la algarrofera para que nadie pudiera acceder. Hoy en d\u00eda esa zanja es un dichoso bache que hay que pasar despacio. Esta zanja levant\u00f3 un gran revuelo y malestar en la comunidad de pescadores que se quejaba y sigue quej\u00e1ndose en la actualidad por los accesos tercermundistas de nuestros embalses.<\/p>\n<p>Tambi\u00e9n es muy interesante analizar el limitado n\u00famero de embarcaciones que hab\u00eda en aquel entonces, en 1994 s\u00f3lo hab\u00eda 168 embarcaciones en toda la cuenca, cuando hoy en d\u00eda s\u00f3lo nuestro club ya present\u00f3 el pasado a\u00f1o m\u00e1s de 150 declaraciones responsables. Finalmente, se menciona el parque recreativo <em>fantasma<\/em> de camino a la presa que se inagur\u00f3 hace a\u00f1os pero que apenas ha llegado a utilizarse. Os recomiendo la lectura de una serie de <a href=\"http:\/\/www.valenciabass.com\/wp-content\/uploads\/AperturaZanjaTousCHJ.pdf\"rel=\"\">art\u00edculos en prensa alrededor de estas primeras desavenencias con la CHJ<\/a>.<\/p>\n<p>En 1995 los clubes de bass empezaban a coger <em>momentum<\/em> a nivel nacional, prueba de ello es el <a href=\"http:\/\/www.valenciabass.com\/wp-content\/uploads\/NacimientoAsociacionNacionalClubesBass.pdf\"rel=\"\">nacimiento de la Asociaci\u00f3n Nacional de Clubes de Bass<\/a> el 8 de diciembre de 1995 con los ochos clubes fundacionales:<\/p>\n<ul>\n<li><a href=\"http:\/\/www.bassmadrid.com\" target=\"_blank\">Bass Madrid<\/a><\/li>\n<li><a href=\"https:\/\/www.facebook.com\/sociedaddepesca.pantanodealmansa\" target=\"_blank\">S.D. Pantano de Almansa<\/a><\/li>\n<li><a href=\"http:\/\/www.oocities.org\/es\/bassmastersbcn\/\" target=\"_blank\">Barcelona Bass Masters<\/a><\/li>\n<li><a href=\"http:\/\/bassmasteralberic.blogspot.com.es\/\" target=\"_blank\">Bass Master Alberic<\/a><\/li>\n<li><a href=\"http:\/\/caspebass.com\/\" target=\"_blank\">Lake Caspe Bass<\/a><\/li>\n<li><a href=\"http:\/\/www.sdpcaspe.com\/\" target=\"_blank\">S. Pescadores de Caspe<\/a><\/li>\n<li><a href=\"mailto:clubamicsdelbass@hotmail.com\" target=\"_blank\">Amics del Bass<\/a><\/li>\n<li><a href=\"http:\/\/www.valenciabass.com\/\">Valencia Bass Club<\/a><\/li>\n<\/ul>\n<p>En este primer encuentro fundacional se pone de relieve la necesidad de que la modalidad de black-bass tenga su propio espacio y el establecimiento de relaciones con las federaciones y confederaciones hidrogr\u00e1ficas correspondientes. Hab\u00eda muchas cosas por hacer, entre ellas la posibilidad de celebrar campeonatos oficiales de black-bass.<\/p>\n","protected":false},"excerpt":{"rendered":"<p>En 1995 daba comienzo la primera liga social del club tras su fundaci\u00f3n el a\u00f1o anterior. En aquel entonces era llamativo que un club centrara sus competiciones en torno a un pez importado de E.E.U.U. que despu\u00e9s devolv\u00eda al agua <span class=\"excerpt-dots\">&hellip;<\/span> <a class=\"more-link\" href=\"https:\/\/www.valenciabass.com\/?page_id=9368\"><span class=\"more-msg\">Sigue leyendo &rarr;<\/span><\/a><\/p>\n","protected":false},"author":2,"featured_media":0,"parent":0,"menu_order":0,"comment_status":"closed","ping_status":"closed","template":"","meta":{"_monsterinsights_skip_tracking":false,"_monsterinsights_sitenote_active":false,"_monsterinsights_sitenote_note":"","_monsterinsights_sitenote_category":0,"ngg_post_thumbnail":0,"footnotes":""},"class_list":["post-9368","page","type-page","status-publish","hentry"],"_links":{"self":[{"href":"https:\/\/www.valenciabass.com\/index.php?rest_route=\/wp\/v2\/pages\/9368","targetHints":{"allow":["GET"]}}],"collection":[{"href":"https:\/\/www.valenciabass.com\/index.php?rest_route=\/wp\/v2\/pages"}],"about":[{"href":"https:\/\/www.valenciabass.com\/index.php?rest_route=\/wp\/v2\/types\/page"}],"author":[{"embeddable":true,"href":"https:\/\/www.valenciabass.com\/index.php?rest_route=\/wp\/v2\/users\/2"}],"replies":[{"embeddable":true,"href":"https:\/\/www.valenciabass.com\/index.php?rest_route=%2Fwp%2Fv2%2Fcomments&post=9368"}],"version-history":[{"count":11,"href":"https:\/\/www.valenciabass.com\/index.php?rest_route=\/wp\/v2\/pages\/9368\/revisions"}],"predecessor-version":[{"id":9402,"href":"https:\/\/www.valenciabass.com\/index.php?rest_route=\/wp\/v2\/pages\/9368\/revisions\/9402"}],"wp:attachment":[{"href":"https:\/\/www.valenciabass.com\/index.php?rest_route=%2Fwp%2Fv2%2Fmedia&parent=9368"}],"curies":[{"name":"wp","href":"https:\/\/api.w.org\/{rel}","templated":true}]}}