{"id":9358,"date":"2016-02-21T02:09:02","date_gmt":"2016-02-21T01:09:02","guid":{"rendered":"http:\/\/www.valenciabass.com\/?page_id=9358"},"modified":"2016-02-21T20:13:20","modified_gmt":"2016-02-21T19:13:20","slug":"historia-vbc-ano-1994","status":"publish","type":"page","link":"https:\/\/www.valenciabass.com\/?page_id=9358","title":{"rendered":"Historia VBC: A\u00f1o 1994"},"content":{"rendered":"<p>El 21 de octubre de 1994 nace el Valencia Bass Club con 60 socios, de este hecho se hizo eco la revista <em>Caza y Pesca<\/em> en un <a href=\"http:\/\/www.valenciabass.com\/wp-content\/uploads\/NacimientoVBC.pdf\">art\u00edculo de julio de 1995<\/a>. Los 6 socios fundadores proven\u00edan en su mayor\u00eda de los a\u00f1os dorados de la Albufera.<\/p>\n<p><img loading=\"lazy\" decoding=\"async\" src=\"http:\/\/www.valenciabass.com\/wp-content\/uploads\/QuienesSomos01-1.jpg\" alt=\"QuienesSomos01\" width=\"227\" height=\"146\" class=\"aligncenter size-full wp-image-9366\" \/><\/p>\n<p>Ya al a\u00f1o siguiente de su fundaci\u00f3n se celebraba el <em>D\u00eda del Club<\/em>, ahora convertido en el <em>Finde del Club<\/em>. Otro hecho destacable es que la sede inicialmente estaba en el <em>Bar Nieves<\/em> en la calle Cast\u00e1n Tobe\u00f1as 44, que era regentados por los padres del t\u00edo Berni (Bernardo Zarate). Por aquel entonces eran las armer\u00edas quienes atra\u00edan a los primeros socios a nuestro club.<\/p>\n","protected":false},"excerpt":{"rendered":"<p>El 21 de octubre de 1994 nace el Valencia Bass Club con 60 socios, de este hecho se hizo eco la revista Caza y Pesca en un art\u00edculo de julio de 1995. Los 6 socios fundadores proven\u00edan en su mayor\u00eda <span class=\"excerpt-dots\">&hellip;<\/span> <a class=\"more-link\" href=\"https:\/\/www.valenciabass.com\/?page_id=9358\"><span class=\"more-msg\">Sigue leyendo &rarr;<\/span><\/a><\/p>\n","protected":false},"author":2,"featured_media":0,"parent":0,"menu_order":0,"comment_status":"closed","ping_status":"closed","template":"","meta":{"_monsterinsights_skip_tracking":false,"_monsterinsights_sitenote_active":false,"_monsterinsights_sitenote_note":"","_monsterinsights_sitenote_category":0,"ngg_post_thumbnail":0,"footnotes":""},"class_list":["post-9358","page","type-page","status-publish","hentry"],"_links":{"self":[{"href":"https:\/\/www.valenciabass.com\/index.php?rest_route=\/wp\/v2\/pages\/9358","targetHints":{"allow":["GET"]}}],"collection":[{"href":"https:\/\/www.valenciabass.com\/index.php?rest_route=\/wp\/v2\/pages"}],"about":[{"href":"https:\/\/www.valenciabass.com\/index.php?rest_route=\/wp\/v2\/types\/page"}],"author":[{"embeddable":true,"href":"https:\/\/www.valenciabass.com\/index.php?rest_route=\/wp\/v2\/users\/2"}],"replies":[{"embeddable":true,"href":"https:\/\/www.valenciabass.com\/index.php?rest_route=%2Fwp%2Fv2%2Fcomments&post=9358"}],"version-history":[{"count":8,"href":"https:\/\/www.valenciabass.com\/index.php?rest_route=\/wp\/v2\/pages\/9358\/revisions"}],"predecessor-version":[{"id":9381,"href":"https:\/\/www.valenciabass.com\/index.php?rest_route=\/wp\/v2\/pages\/9358\/revisions\/9381"}],"wp:attachment":[{"href":"https:\/\/www.valenciabass.com\/index.php?rest_route=%2Fwp%2Fv2%2Fmedia&parent=9358"}],"curies":[{"name":"wp","href":"https:\/\/api.w.org\/{rel}","templated":true}]}}