{"id":9338,"date":"2016-02-18T07:52:08","date_gmt":"2016-02-18T06:52:08","guid":{"rendered":"http:\/\/www.valenciabass.com\/?page_id=9338"},"modified":"2016-02-21T02:09:56","modified_gmt":"2016-02-21T01:09:56","slug":"historia-del-vbc-ano-1993","status":"publish","type":"page","link":"https:\/\/www.valenciabass.com\/?page_id=9338","title":{"rendered":"Historia VBC: A\u00f1o 1993"},"content":{"rendered":"<p>Desde incluso antes de la fundaci\u00f3n del club en 1994, primeramente Roberto Coll y m\u00e1s tarde Vicente Mascarell fueron recopilando art\u00edculos de prensa donde nuestro club o socios de nuestro club eran protagonistas. Ha llegado el momento que este patrimonio documental de nuestro club sea accesible a nuestros socios para el conocimiento de su historia y una mejor comprensi\u00f3n de la situaci\u00f3n actual.<\/p>\n<p>De esta forma ir\u00e9 publicando estos art\u00edculos de prensa por anualidades comenzando en 1993 y as\u00ed poderlos disfrutar como se merecen.<\/p>\n<p>Esta compilaci\u00f3n de art\u00edculos de prensa relacionados con la historia de nuestro club comienza con una <a href=\"http:\/\/www.valenciabass.com\/wp-content\/uploads\/HistoriaVBC1993-1.pdf\">entrevista a Rafael Viguer en \u00abLas Provincias\u00bb del 28 de Febrero de 1993<\/a>. En esta entrevista, Rafa, un defensor a ultranza de la pesca sin muerte, explicaba la filosof\u00eda de \u00abcaptura y suelta\u00bb hace m\u00e1s de 20 a\u00f1os. <\/p>\n<p>Os recomiendo la lectura de este art\u00edculo teniendo en cuenta que es un art\u00edculo que se escribe cuando la mayor\u00eda de pescadores nos llevamos los peces a nuestra casa.<\/p>\n","protected":false},"excerpt":{"rendered":"<p>Desde incluso antes de la fundaci\u00f3n del club en 1994, primeramente Roberto Coll y m\u00e1s tarde Vicente Mascarell fueron recopilando art\u00edculos de prensa donde nuestro club o socios de nuestro club eran protagonistas. Ha llegado el momento que este patrimonio <span class=\"excerpt-dots\">&hellip;<\/span> <a class=\"more-link\" href=\"https:\/\/www.valenciabass.com\/?page_id=9338\"><span class=\"more-msg\">Sigue leyendo &rarr;<\/span><\/a><\/p>\n","protected":false},"author":2,"featured_media":0,"parent":0,"menu_order":0,"comment_status":"closed","ping_status":"closed","template":"","meta":{"_monsterinsights_skip_tracking":false,"_monsterinsights_sitenote_active":false,"_monsterinsights_sitenote_note":"","_monsterinsights_sitenote_category":0,"ngg_post_thumbnail":0,"footnotes":""},"class_list":["post-9338","page","type-page","status-publish","hentry"],"_links":{"self":[{"href":"https:\/\/www.valenciabass.com\/index.php?rest_route=\/wp\/v2\/pages\/9338","targetHints":{"allow":["GET"]}}],"collection":[{"href":"https:\/\/www.valenciabass.com\/index.php?rest_route=\/wp\/v2\/pages"}],"about":[{"href":"https:\/\/www.valenciabass.com\/index.php?rest_route=\/wp\/v2\/types\/page"}],"author":[{"embeddable":true,"href":"https:\/\/www.valenciabass.com\/index.php?rest_route=\/wp\/v2\/users\/2"}],"replies":[{"embeddable":true,"href":"https:\/\/www.valenciabass.com\/index.php?rest_route=%2Fwp%2Fv2%2Fcomments&post=9338"}],"version-history":[{"count":12,"href":"https:\/\/www.valenciabass.com\/index.php?rest_route=\/wp\/v2\/pages\/9338\/revisions"}],"predecessor-version":[{"id":9378,"href":"https:\/\/www.valenciabass.com\/index.php?rest_route=\/wp\/v2\/pages\/9338\/revisions\/9378"}],"wp:attachment":[{"href":"https:\/\/www.valenciabass.com\/index.php?rest_route=%2Fwp%2Fv2%2Fmedia&parent=9338"}],"curies":[{"name":"wp","href":"https:\/\/api.w.org\/{rel}","templated":true}]}}