{"id":7968,"date":"2015-03-19T10:13:39","date_gmt":"2015-03-19T09:13:39","guid":{"rendered":"http:\/\/www.valenciabass.com\/?page_id=7968"},"modified":"2026-03-24T13:24:39","modified_gmt":"2026-03-24T12:24:39","slug":"hall-of-fame","status":"publish","type":"page","link":"https:\/\/www.valenciabass.com\/?page_id=7968","title":{"rendered":"Hall Of Fame"},"content":{"rendered":"<p>A continuaci\u00f3n os detallamos las parejas campeonas de la liga social de embarcaci\u00f3n en orden cronol\u00f3gico inverso:<\/p>\n<table>\n<tbody>\n<tr>\n<th>A\u00f1o<\/th>\n<th>Campeones de Liga Social<\/th>\n<\/tr>\n<tr>\n<td>2025<\/td>\n<td>David Cantero \/ Seraf\u00ed Mendoza<\/td>\n<\/tr>\n<tr>\n<td>2024<\/td>\n<td>Vicent Castellano \/ Jose Vte. Garc\u00eda<\/td>\n<\/tr>\n<tr>\n<td>2023<\/td>\n<td>David Cantero \/ Seraf\u00ed Mendoza<\/td>\n<\/tr>\n<tr>\n<td>2022<\/td>\n<td>Jorge Civera \/ Miguel Franco<\/td>\n<\/tr>\n<tr>\n<td>2021<\/td>\n<td>Cristian Casanoves \/ Cisco Segarra<\/td>\n<\/tr>\n<tr>\n<td>2020<\/td>\n<td>Cristian Casanoves \/ Cisco Segarra<\/td>\n<\/tr>\n<tr>\n<td>2019<\/td>\n<td>Vicent Castellano \/ Jose Vte. Garc\u00eda<\/td>\n<\/tr>\n<tr>\n<td>2018<\/td>\n<td>Seraf\u00ed Mendoza \/ David Cantero<\/td>\n<\/tr>\n<tr>\n<td>2017<\/td>\n<td>Vicent Castellano \/ David Garc\u00eda<\/td>\n<\/tr>\n<tr>\n<td>2016<\/td>\n<td>&nbsp;<\/td>\n<\/tr>\n<tr>\n<td>2015<\/td>\n<td>Vicent Castellano \/ David Garc\u00eda<\/td>\n<\/tr>\n<tr>\n<td>2014<\/td>\n<td>Jorge Civera \/ Miguel Franco<\/td>\n<\/tr>\n<tr>\n<td>2013<\/td>\n<td>Cisco Segarra \/ Cristian Casanoves<\/td>\n<\/tr>\n<tr>\n<td>2012<\/td>\n<td>\u00c1lex Fabra \/ Francisco Figueres<\/td>\n<\/tr>\n<tr>\n<td>2011<\/td>\n<td>\u00c1lex Fabra \/ Francisco Figueres<\/td>\n<\/tr>\n<tr>\n<td>2010<\/td>\n<td>\u00c1lex Fabra \/ Francisco Figueres<\/td>\n<\/tr>\n<tr>\n<td>2009<\/td>\n<td>\u00c1lex Fabra \/ Francisco Figueres<\/td>\n<\/tr>\n<tr>\n<td>2008<\/td>\n<td>Paco Llor\u00e9ns \/ Juan C. Madrigal<\/td>\n<\/tr>\n<tr>\n<td>2007<\/td>\n<td>Jos\u00e9 Jim\u00e9nez \/ Dani Ballesteros<\/td>\n<\/tr>\n<tr>\n<td>2006<\/td>\n<td>Vicente Mascarell \/ Juan Leyton<\/td>\n<\/tr>\n<tr>\n<td>2005<\/td>\n<td>Paco Revert \/ Nacho Revert<\/td>\n<\/tr>\n<tr>\n<td>2004<\/td>\n<td>Vicente Mascarell \/ Juan Leyton<\/td>\n<\/tr>\n<tr>\n<td>2003<\/td>\n<td>David Monta\u00f1ana \/ Luis Barrero<\/td>\n<\/tr>\n<tr>\n<td>2002<\/td>\n<td>Paco Llor\u00e9ns \/ Juan C. Madrigal<\/td>\n<\/tr>\n<tr>\n<td>2001<\/td>\n<td>Paco Llor\u00e9ns \/ Juan C. Madrigal<\/td>\n<\/tr>\n<tr>\n<td>2000<\/td>\n<td>Paco Sevilla \/ Jos\u00e9 Sevilla<\/td>\n<\/tr>\n<tr>\n<td>1999<\/td>\n<td>Paco Llor\u00e9ns \/ Juan C. Madrigal<\/td>\n<\/tr>\n<tr>\n<td>1998<\/td>\n<td>Paco Llor\u00e9ns \/ Ana Bonet<\/td>\n<\/tr>\n<tr>\n<td>1997<\/td>\n<td>Emilio Camarasa \/ Jos\u00e9 P. Abad<\/td>\n<\/tr>\n<tr>\n<td>1995<\/td>\n<td>Paco Revert \/ Miguel Mart\u00ednez<\/td>\n<\/tr>\n<\/tbody>\n<\/table>\n","protected":false},"excerpt":{"rendered":"<p>A continuaci\u00f3n os detallamos las parejas campeonas de la liga social de embarcaci\u00f3n en orden cronol\u00f3gico inverso: A\u00f1o Campeones de Liga Social 2025 David Cantero \/ Seraf\u00ed Mendoza 2024 Vicent Castellano \/ Jose Vte. Garc\u00eda 2023 David Cantero \/ Seraf\u00ed <span class=\"excerpt-dots\">&hellip;<\/span> <a class=\"more-link\" href=\"https:\/\/www.valenciabass.com\/?page_id=7968\"><span class=\"more-msg\">Sigue leyendo &rarr;<\/span><\/a><\/p>\n","protected":false},"author":2,"featured_media":0,"parent":0,"menu_order":0,"comment_status":"closed","ping_status":"closed","template":"","meta":{"_monsterinsights_skip_tracking":false,"_monsterinsights_sitenote_active":false,"_monsterinsights_sitenote_note":"","_monsterinsights_sitenote_category":0,"ngg_post_thumbnail":0,"footnotes":""},"class_list":["post-7968","page","type-page","status-publish","hentry"],"_links":{"self":[{"href":"https:\/\/www.valenciabass.com\/index.php?rest_route=\/wp\/v2\/pages\/7968","targetHints":{"allow":["GET"]}}],"collection":[{"href":"https:\/\/www.valenciabass.com\/index.php?rest_route=\/wp\/v2\/pages"}],"about":[{"href":"https:\/\/www.valenciabass.com\/index.php?rest_route=\/wp\/v2\/types\/page"}],"author":[{"embeddable":true,"href":"https:\/\/www.valenciabass.com\/index.php?rest_route=\/wp\/v2\/users\/2"}],"replies":[{"embeddable":true,"href":"https:\/\/www.valenciabass.com\/index.php?rest_route=%2Fwp%2Fv2%2Fcomments&post=7968"}],"version-history":[{"count":16,"href":"https:\/\/www.valenciabass.com\/index.php?rest_route=\/wp\/v2\/pages\/7968\/revisions"}],"predecessor-version":[{"id":14322,"href":"https:\/\/www.valenciabass.com\/index.php?rest_route=\/wp\/v2\/pages\/7968\/revisions\/14322"}],"wp:attachment":[{"href":"https:\/\/www.valenciabass.com\/index.php?rest_route=%2Fwp%2Fv2%2Fmedia&parent=7968"}],"curies":[{"name":"wp","href":"https:\/\/api.w.org\/{rel}","templated":true}]}}