{"id":7966,"date":"2015-03-19T09:57:34","date_gmt":"2015-03-19T08:57:34","guid":{"rendered":"http:\/\/www.valenciabass.com\/?page_id=7966"},"modified":"2016-05-02T13:49:52","modified_gmt":"2016-05-02T11:49:52","slug":"informacion","status":"publish","type":"page","link":"https:\/\/www.valenciabass.com\/?page_id=7966","title":{"rendered":"Informaci\u00f3n"},"content":{"rendered":"<p>Uno de los pilares de nuestro club es la competici\u00f3n instanciada en la liga social.  Una liga social que ha curtido a los campeones auton\u00f3micos desde 2007 y ha nutrido a la selecci\u00f3n auton\u00f3mica con integrantes para lograr los dos \u00faltimos subcampeonatos de Espa\u00f1a por equipos. Adem\u00e1s, este a\u00f1o a esto se a\u00f1ade el hecho que los primeros puestos del \u00faltimo campeonato de Espa\u00f1a han sido copados casi en su totalidad por parejas de pescadores que participan en nuestra liga social, m\u00e1s concretamente, nuestra liga alberga a los actuales campeones de Espa\u00f1a, tercer y cuarto puesto. Una liga social no s\u00f3lo para bregarse con los mejores pescadores de Espa\u00f1a, sino tambi\u00e9n para aprovechar la posibilidad de aprender de ellos.<\/p>\n<p>Dicho esto, te invitamos a que participes en la liga social de embarcaci\u00f3n de tu club. Tanto si consideras que es tu oportunidad de batirte el cobre con los mejores, como si por el contrario deseas pasar un buen rato conociendo a compa\u00f1eros con tu misma afici\u00f3n y aprendiendo en el camino.<\/p>\n<p>Este a\u00f1o 2016 al igual que el anterior los escenarios de la competici\u00f3n est\u00e1n condicionados por las restricciones a la navegaci\u00f3n que ha impuesto la C.H.J. con la definici\u00f3n de zona cebra y no cebra. De esta forma, las fechas y escenarios, condicionados a la publicaci\u00f3n en el BOE de la sentencia 637\/2016, son los siguientes:<\/p>\n<ul>\n<li> 6 de Marzo en el embalse de Cortes<\/li>\n<li> 19 de Junio en el embalse de Cortes<\/li>\n<li> 30 y 31 Julio en el embalse de Cortes<\/li>\n<li> 25 de Septiembre en el embalse de Cortes<\/li>\n<li> 2 de Octubre en el embalse de Tous<\/li>\n<li> 6 de Noviembre en el embalse de Tous<\/li>\n<li> 13 de Noviembre en el embalse de Tous (fecha de reserva)<\/ul>\n<p>Si deseas competir en la liga del club, debes estar en posesi\u00f3n de la documentaci\u00f3n necesaria y formalizar tu inscripci\u00f3n. La documentaci\u00f3n necesaria es la siguiente:<\/p>\n<ul>\n<li>Licencia de pesca fluvial de la Comunidad Valenciana.<\/li>\n<li>Licencia federativa de competici\u00f3n de la Comunidad Valenciana.<\/li>\n<li>Pase de Cortes.<\/li>\n<\/ul>\n<p>Para formalizar tu inscripci\u00f3n por equipo la puedes realizar por modalidad anual (50 euros) o por concurso (10 euros) mediante ingreso en la cuenta del club:<\/p>\n<p>Cajamar ES26 3058 2023 6228 1090 8553<\/p>\n<p>poniendo como concepto \u00abEMBARCACION\u00bb seguido de los nombres completos de los integrantes del equipo. Los fondos recaudados van destinados \u00edntegramente a los premios de los tres primeros clasificados que se entregan en la Cena de Entrega de Trofeos.<\/p>\n<p>En cualquier caso el ingreso debe haber sido realizado antes del jueves previo al primer concurso en el que se deseas participar e informar de tu participaci\u00f3n por correo electr\u00f3nico.<\/p>\n<p>Si est\u00e1s interesado, pero tienes alguna duda respecto a la competici\u00f3n, por favor, ponte en contacto con nosotros y te la resolveremos.<\/p>\n<p>Nos despedimos deseando verte entre los participantes de este a\u00f1o en la liga social de tu club,<\/p>\n<p>Valencia Bass Club<\/p>\n","protected":false},"excerpt":{"rendered":"<p>Uno de los pilares de nuestro club es la competici\u00f3n instanciada en la liga social. Una liga social que ha curtido a los campeones auton\u00f3micos desde 2007 y ha nutrido a la selecci\u00f3n auton\u00f3mica con integrantes para lograr los dos <span class=\"excerpt-dots\">&hellip;<\/span> <a class=\"more-link\" href=\"https:\/\/www.valenciabass.com\/?page_id=7966\"><span class=\"more-msg\">Sigue leyendo &rarr;<\/span><\/a><\/p>\n","protected":false},"author":2,"featured_media":0,"parent":0,"menu_order":0,"comment_status":"closed","ping_status":"closed","template":"","meta":{"_monsterinsights_skip_tracking":false,"_monsterinsights_sitenote_active":false,"_monsterinsights_sitenote_note":"","_monsterinsights_sitenote_category":0,"ngg_post_thumbnail":0,"footnotes":""},"class_list":["post-7966","page","type-page","status-publish","hentry"],"_links":{"self":[{"href":"https:\/\/www.valenciabass.com\/index.php?rest_route=\/wp\/v2\/pages\/7966","targetHints":{"allow":["GET"]}}],"collection":[{"href":"https:\/\/www.valenciabass.com\/index.php?rest_route=\/wp\/v2\/pages"}],"about":[{"href":"https:\/\/www.valenciabass.com\/index.php?rest_route=\/wp\/v2\/types\/page"}],"author":[{"embeddable":true,"href":"https:\/\/www.valenciabass.com\/index.php?rest_route=\/wp\/v2\/users\/2"}],"replies":[{"embeddable":true,"href":"https:\/\/www.valenciabass.com\/index.php?rest_route=%2Fwp%2Fv2%2Fcomments&post=7966"}],"version-history":[{"count":4,"href":"https:\/\/www.valenciabass.com\/index.php?rest_route=\/wp\/v2\/pages\/7966\/revisions"}],"predecessor-version":[{"id":9627,"href":"https:\/\/www.valenciabass.com\/index.php?rest_route=\/wp\/v2\/pages\/7966\/revisions\/9627"}],"wp:attachment":[{"href":"https:\/\/www.valenciabass.com\/index.php?rest_route=%2Fwp%2Fv2%2Fmedia&parent=7966"}],"curies":[{"name":"wp","href":"https:\/\/api.w.org\/{rel}","templated":true}]}}