{"id":65,"date":"2011-10-05T21:37:13","date_gmt":"2011-10-05T21:37:13","guid":{"rendered":"http:\/\/www.valenciabass.com\/web2\/?page_id=65"},"modified":"2024-02-29T23:09:06","modified_gmt":"2024-02-29T22:09:06","slug":"quienes-somos-4","status":"publish","type":"page","link":"https:\/\/www.valenciabass.com\/?page_id=65","title":{"rendered":"Historia"},"content":{"rendered":"<p><a href=\"http:\/\/www.valenciabass.com\/wp-content\/uploads\/QuienesSomos01.jpg\"><img loading=\"lazy\" decoding=\"async\" class=\"alignright size-full wp-image-91\" title=\"Fundadores del club\" src=\"http:\/\/www.valenciabass.com\/wp-content\/uploads\/QuienesSomos01.jpg\" alt=\"\" width=\"223\" height=\"144\"><\/a> La afici\u00f3n en Valencia a la pesca del bass no es algo nuevo. Ya a finales de los a\u00f1os 60 su pesca en la Albufera constituy\u00f3 todo un hito con el que muchos pescadores iniciaron sus pasos tras el bass.En 1994 seis amigos, provenientes en su mayor\u00eda de los a\u00f1os dorados de la Albufera, se plantean el fundar un club que re\u00fana a los aficionados valencianos a la pesca del bass y del lucio. As\u00ed, en octubre de ese mismo a\u00f1o, nace el Valencia Bass Club, teniendo como fines principales el fomento y pr\u00e1ctica de la pesca con se\u00f1uelo artificial del bass y la colaboraci\u00f3n en la defensa, protecci\u00f3n y mejora de los ecosistemas habitados por \u00e9l.<\/p>\n<p><a href=\"http:\/\/www.valenciabass.com\/wp-content\/uploads\/QuienesSomos03.jpg\"><img loading=\"lazy\" decoding=\"async\" class=\"alignleft size-full wp-image-93\" title=\"Socios cuando presid\u00eda Roberto Coll\" src=\"http:\/\/www.valenciabass.com\/wp-content\/uploads\/QuienesSomos03.jpg\" alt=\"\" width=\"227\" height=\"147\"><\/a> El club presidido por Roberto Coll, pronto empieza a coger fuerza, y en enero de 1995 se produce una fuerte entrada de socios gracias a la labor de dos armer\u00edas (\u00abEl Cazador\u00bb y Luis Llop) y la tienda de pesca de Paco Revert. Con su ingreso en la Federaci\u00f3n de Pesca de la Comunidad Valenciana, y el del Club Bassmaster Alberic, se crea el Comit\u00e9 de Black bass, del que es nombrado presidente Roberto Coll.<\/p>\n<p>&nbsp;<\/p>\n<p><a href=\"http:\/\/www.valenciabass.com\/wp-content\/uploads\/QuienesSomos07.jpg\"><img loading=\"lazy\" decoding=\"async\" class=\"alignright size-full wp-image-97\" title=\"Acotado de Cortes II\" src=\"http:\/\/www.valenciabass.com\/wp-content\/uploads\/QuienesSomos07.jpg\" alt=\"\" width=\"227\" height=\"145\"><\/a> En 1996 se organizan los primeros Campeonatos Provinciales de pesca de black bass desde embarcaci\u00f3n y orilla, que dieron paso al a\u00f1o siguiente a los Campeonatos Auton\u00f3micos de ambas modalidades. A instancias de los dos clubs de bass, la Conselleria de Medio Ambiente de la Generalitat Valenciana incorpora en su Orden de Vedas anual una disposici\u00f3n especifica, pionera en Espa\u00f1a, para el black bass, por la cual se fijan tallas y cupos en todos los embalses artificiales de la Comunidad Valenciana, y se establece un periodo de veda en el cual s\u00f3lo se permite la pesca sin muerte y queda prohibida la celebraci\u00f3n de competiciones de bass.<\/p>\n<p><a href=\"http:\/\/www.valenciabass.com\/wp-content\/uploads\/QuienesSomos06.jpg\"><img loading=\"lazy\" decoding=\"async\" class=\"alignleft size-full wp-image-96\" title=\"FIVAC 2005\" src=\"http:\/\/www.valenciabass.com\/wp-content\/uploads\/QuienesSomos06.jpg\" alt=\"\" width=\"227\" height=\"148\"><\/a>Con motivo de la edici\u00f3n de FIVAC de 1996, el Valencia Bass organiz\u00f3 el I Congreso Nacional de Clubs de Bass y mont\u00f3 su stand. \u00c9ramos a\u00fan peque\u00f1os, pero gracias al esfuerzo de todos los socios demostramos nuestro empuje. El stand fue todo un \u00e9xito de afluencia y participaci\u00f3n. En 1996 el club cuenta ya con 70 socios. Francisco Llorens es nombrado nuevo presidente del club y un ambicioso proyecto comienza a tomar forma, acotar el embalse de Cortes II, escenario habitual de las competiciones y salidas de pesca, a fin de proteger y mejorar su poblaci\u00f3n de bass. El proyecto, en el que se colabora junto con el Club Bassmaster Alberic, ve la luz en marzo de 1998.<\/p>\n<p><a href=\"http:\/\/www.valenciabass.com\/wp-content\/uploads\/QuienesSomos08.jpg\"><img loading=\"lazy\" decoding=\"async\" class=\"alignright size-full wp-image-95\" title=\"Concurso Auton\u00f3mico\" src=\"http:\/\/www.valenciabass.com\/wp-content\/uploads\/QuienesSomos08.jpg\" alt=\"\" width=\"227\" height=\"145\"><\/a>Otra meta del club desde su fundaci\u00f3n es la autorizaci\u00f3n de navegaci\u00f3n en los embalses. Para ello se mantienen conversaciones con la Confederaci\u00f3n Hidrogr\u00e1fica del J\u00facar, que dan como fruto el contemplar los motores el\u00e9ctricos para la navegaci\u00f3n y, lo m\u00e1s importante, la autorizaci\u00f3n de la navegaci\u00f3n en el tramo acotado de Cortes II, objetivo que se consigue en junio de 2000.<\/p>\n<p>&nbsp;<\/p>\n<p><a href=\"http:\/\/www.valenciabass.com\/wp-content\/uploads\/QuienesSomos09.jpg\"><img loading=\"lazy\" decoding=\"async\" class=\"alignleft size-full wp-image-98\" title=\"Encuentro con Bass C\u00f3rdoba en San Rafael de Navallana\" src=\"http:\/\/www.valenciabass.com\/wp-content\/uploads\/QuienesSomos09.jpg\" alt=\"\" width=\"227\" height=\"146\"><\/a>Tras cuatro a\u00f1os de presidencia de Francisco Llorens, a finales del 2000, Roberto Coll retoma la presidencia del club. La cordial relaci\u00f3n que el Valencia Bass mantiene con el Bass C\u00f3rdoba se materializa en el hermanamiento de ambos clubs en mayo de 2001. Parte del club se traslada a C\u00f3rdoba y a orillas del emblem\u00e1tico embalse de San Rafael de Navallana disfrutamos de una inolvidable jornada de hermanamiento. En el 2001 el Valencia Bass alcanza la cifra de 300 socios.<\/p>\n<p>&nbsp;<\/p>\n<p><a href=\"http:\/\/www.valenciabass.com\/wp-content\/uploads\/QuienesSomos10.jpg\"><img loading=\"lazy\" decoding=\"async\" class=\"alignright size-full wp-image-99\" title=\"Campeonato de Espa\u00f1a 2004\" src=\"http:\/\/www.valenciabass.com\/wp-content\/uploads\/QuienesSomos10.jpg\" alt=\"\" width=\"204\" height=\"283\"><\/a>En el a\u00f1o 2004, el Valencia Bass Club ya no es el grupo de amigos que, en torno a Roberto Coll, decidi\u00f3 organizarse para salir a pescar. Ahora es un club de pesca con un n\u00famero de socios realmente inimaginable unos cuantos a\u00f1os atr\u00e1s, presente en inmunerables competiciones a nivel nacional e internacional y con unos resultados, que yendo de menos a m\u00e1s, en este 2004 culminan en un doblete sin precedentes. En este a\u00f1o de su X Aniversario se proclama Campe\u00f3n de Espa\u00f1a por equipos de pesca de Black Bass desde orilla el equipo representante de la Comunidad Valenciana, compuesto en su totalidad por miembros de nuestro Club y aporta cuatro, de las cinco embarcaciones, que se alzan con la victoria en el Campeonato de Espa\u00f1a de Pesca de Black Bass desde Embarcaci\u00f3n. Esto convierte este a\u00f1o, ya de por s\u00ed especial, en un a\u00f1o con una cosecha dificil de igualar. En este 2004 tambi\u00e9n lo celebramos a nuestra manera: pescando. Celebrando una competici\u00f3n para todos nuestros socios durante un fin de semana memorable y que a ning\u00fan pescador de nuestro club se le olvidar\u00e1 jam\u00e1s por la camarader\u00eda y amistad que envolvi\u00f3 el evento. Lo que nos confirm\u00f3 la buena salud de que goza nuestra Asociaci\u00f3n. A finales de este a\u00f1o Roberto Coll, tras varios a\u00f1os de presidencia, deja su puesto para que lo ocupe Vicente Mascarell Carb\u00f3, inici\u00e1ndose as\u00ed una nueva etapa en nuestro Club.<\/p>\n<p><a href=\"http:\/\/www.valenciabass.com\/wp-content\/uploads\/tous-trobada-bass-valencia-22-11-09-025.jpg\"><img loading=\"lazy\" decoding=\"async\" class=\"size-medium wp-image-789 alignleft\" title=\"tous trobada bass valencia 22-11-09 025\" src=\"http:\/\/www.valenciabass.com\/wp-content\/uploads\/tous-trobada-bass-valencia-22-11-09-025-300x225.jpg\" alt=\"\" width=\"210\" height=\"158\" srcset=\"https:\/\/www.valenciabass.com\/wp-content\/uploads\/tous-trobada-bass-valencia-22-11-09-025-300x225.jpg 300w, https:\/\/www.valenciabass.com\/wp-content\/uploads\/tous-trobada-bass-valencia-22-11-09-025.jpg 600w\" sizes=\"auto, (max-width: 210px) 100vw, 210px\" \/><\/a>Esta nueva etapa estuvo caracterizada por los siguientes puntos claves. Primero, se promocion\u00f3 la visibilidad del club en toda serie de eventos y organizaciones en torno al bass (federaci\u00f3n, AEBass, etc),&nbsp; as\u00ed como la hermandad entre clubes especialmente con el Alberic Bassmaster (Trobada) y entre los socios del club con la celebraci\u00f3n del X y XV aniversarios. El segundo punto clave fue potenciar la competici\u00f3n, especialmente en escenarios fuera de la Comunidad Valenciana. Para ello se dot\u00f3 de una partida presupuestaria anual para los&nbsp; gastos de nuestros deportistas. Algunos ejemplos de competiciones en los que dej\u00e1bamos nuestra impronta eran Campeonatos de Espa\u00f1a, Encuentro Internacional de Caspe, Encuentro Latino, Open de Madrid, Megabass, Open de lucio, etc. Finalmente nuestro club tuvo representaci\u00f3n en el campeonato del mundo celebrado en M\u00e9jico 2009. Como resultado de esta pol\u00edtica en 2011 se consigui\u00f3 el patrocinio de la liga social de embarcaci\u00f3n.<\/p>\n<p>El tercer punto clave persigui\u00f3 la transparencia en la gesti\u00f3n y dar el mejor servicio al socio. La cuota del club se mantuvo durante esta etapa transmitiendo unas cuentas saneadas. Al final de esta etapa se produjo una modernizaci\u00f3n y dinamizaci\u00f3n de la comunicaci\u00f3n con los socios acorde con los nuevos tiempos, mejorando los servicios prestados y las diversas gestiones del club.<\/p>\n<p>En diciembre de 2010 se produce una renovaci\u00f3n planificada y parcial de la anterior junta directiva tras seis a\u00f1os de dedicaci\u00f3n al club y nuevos valores se incorporan a la nueva junta en un relevo generacional. El relevo m\u00e1s significativo se produce en la tesorer\u00eda que hab\u00eda sido gestionada por Jose Carlos Olmos (Charlie) durante 15 a\u00f1os. El nuevo presidente, Miguel Garc\u00eda Mart\u00ednez, toma las riendas del club y el proceso de modernizaci\u00f3n contin\u00faa con una nueva p\u00e1gina web, pero manteniendo siempre nuestra filosof\u00eda de club.<\/p>\n<p>En mayo de 2014 el club celebra su <a title=\"20 aniversario (parte 1)\" href=\"http:\/\/www.valenciabass.com\/?p=5660\">20 aniversario en el embalse de Benag\u00e9ber<\/a> con la asistencia de un gran n\u00famero de socios que quisieron unirse a esta celebraci\u00f3n. Como consecuencia de esta efem\u00e9ride nuestro socio, \u00c1lex Fabra, elabor\u00f3 un v\u00eddeo conmemorativo de los 20 a\u00f1os de historia del club que dejamos aqu\u00ed para vuestro disfrute.<\/p>\n<p><iframe loading=\"lazy\" src=\"\/\/www.youtube.com\/embed\/iyyNwNJebMo?rel=0\" width=\"640\" height=\"480\" frameborder=\"0\" allowfullscreen=\"allowfullscreen\"><\/iframe><\/p>\n<p>El 1 y 2 de junio de 2019 el club celebra su 25 aniversario en el embalse de Benag\u00e9ber. Jos\u00e9 Luis S\u00e1nchez Munera, cre\u00f3 un v\u00eddeo resumen de los 25 a\u00f1os de historia del club.<\/p>\n<p><iframe loading=\"lazy\" width=\"560\" height=\"315\" src=\"https:\/\/www.youtube.com\/embed\/wmKK2O5Etqc?si=RYNXwWawUymIneb1\" frameborder=\"0\" allowfullscreen=\"allowfullscreen\"><\/iframe><\/p>\n<p><a href=\"http:\/\/www.valenciabass.com\/wp-content\/uploads\/QuienesSomos11.jpg\"><img loading=\"lazy\" decoding=\"async\" class=\"alignleft size-full wp-image-100\" title=\"Captura y Suelta\" src=\"http:\/\/www.valenciabass.com\/wp-content\/uploads\/QuienesSomos11.jpg\" alt=\"\" width=\"227\" height=\"144\"><\/a><\/p>\n<p>Somos m\u00e1s de 200 pescadores de varias provincias espa\u00f1olas y de diferentes condiciones. Creemos que esto es lo que hace grande al Club, y por ello preferimos que dentro de la libertad de acci\u00f3n nuestros socios sepan valorar la pesca y actuar en consecuencia. El futuro de la pesca depende en buena medida de nuestras acciones. <strong>Respetar el medio ambiente y practicar lo mejor posible la pesca sin muerte<\/strong>, queremos que sean los dos pilares sobre los que se asiente la filosof\u00eda del Valencia Bass Club.<\/p>\n","protected":false},"excerpt":{"rendered":"<p>La afici\u00f3n en Valencia a la pesca del bass no es algo nuevo. Ya a finales de los a\u00f1os 60 su pesca en la Albufera constituy\u00f3 todo un hito con el que muchos pescadores iniciaron sus pasos tras el bass.En <span class=\"excerpt-dots\">&hellip;<\/span> <a class=\"more-link\" href=\"https:\/\/www.valenciabass.com\/?page_id=65\"><span class=\"more-msg\">Sigue leyendo &rarr;<\/span><\/a><\/p>\n","protected":false},"author":2,"featured_media":0,"parent":0,"menu_order":0,"comment_status":"closed","ping_status":"open","template":"","meta":{"_monsterinsights_skip_tracking":false,"_monsterinsights_sitenote_active":false,"_monsterinsights_sitenote_note":"","_monsterinsights_sitenote_category":0,"ngg_post_thumbnail":0,"footnotes":""},"class_list":["post-65","page","type-page","status-publish","hentry"],"_links":{"self":[{"href":"https:\/\/www.valenciabass.com\/index.php?rest_route=\/wp\/v2\/pages\/65","targetHints":{"allow":["GET"]}}],"collection":[{"href":"https:\/\/www.valenciabass.com\/index.php?rest_route=\/wp\/v2\/pages"}],"about":[{"href":"https:\/\/www.valenciabass.com\/index.php?rest_route=\/wp\/v2\/types\/page"}],"author":[{"embeddable":true,"href":"https:\/\/www.valenciabass.com\/index.php?rest_route=\/wp\/v2\/users\/2"}],"replies":[{"embeddable":true,"href":"https:\/\/www.valenciabass.com\/index.php?rest_route=%2Fwp%2Fv2%2Fcomments&post=65"}],"version-history":[{"count":20,"href":"https:\/\/www.valenciabass.com\/index.php?rest_route=\/wp\/v2\/pages\/65\/revisions"}],"predecessor-version":[{"id":13739,"href":"https:\/\/www.valenciabass.com\/index.php?rest_route=\/wp\/v2\/pages\/65\/revisions\/13739"}],"wp:attachment":[{"href":"https:\/\/www.valenciabass.com\/index.php?rest_route=%2Fwp%2Fv2%2Fmedia&parent=65"}],"curies":[{"name":"wp","href":"https:\/\/api.w.org\/{rel}","templated":true}]}}