{"id":6174,"date":"2014-07-20T14:48:56","date_gmt":"2014-07-20T12:48:56","guid":{"rendered":"http:\/\/www.valenciabass.com\/?page_id=6174"},"modified":"2014-07-20T14:48:56","modified_gmt":"2014-07-20T12:48:56","slug":"inscripcion","status":"publish","type":"page","link":"https:\/\/www.valenciabass.com\/?page_id=6174","title":{"rendered":"Inscripci\u00f3n"},"content":{"rendered":"<p><strong><br \/>\nLa inscripci\u00f3n ya est\u00e1 cerrada, porque se ha completado el cupo m\u00e1ximo de 30 competidores, pero la informaci\u00f3n abajo todav\u00eda puede ser de inter\u00e9s.<br \/>\n<\/strong><\/p>\n<p>Como os informamos hace unos d\u00edas se va a celebrar el Open del <a href=\"http:\/\/www.valenciabass.com\/?p=5004\" title=\"Chapter Levante\">Chapter de Levante de la B.A.S.S. clasificatorio para acceder a las rondas previas del Classic<\/a>.<\/p>\n<p>Finalmente, el Open se celebrar\u00e1 los d\u00edas 15 y 16 de agosto en el embalse de Cortes, en dos mangas de 8 horas de 7:30 a 15:30. La salida se realizar\u00e1 desde el antiguo acueducto y los pesajes se realizar\u00e1n en el pantal\u00e1n de Cortes (primer d\u00eda) y rampa de Cofrentes (segundo d\u00eda). <\/p>\n<p>Desde la organizaci\u00f3n del Open nos informan que <strong>hasta el 17 de abril<\/strong> est\u00e1 abierto el plazo de inscripciones para realizar el primer pago, que puede ser parcial o total de la inscripci\u00f3n. La inscripci\u00f3n total cuesta 100 euros, y aquellos que opten por un pago en dos plazos deber\u00e1n abonar ahora la mitad, es decir, 50 euros. El segundo pago parcial se deber\u00e1 realizar entre el 18 de abril y el 1 de julio.<\/p>\n<p>Para formalizar la inscripci\u00f3n se debe hacer un ingreso \u00f3 transferencia en la cuenta del Banco Santander dispuesta para tal fin:<\/p>\n<p>Beneficiario: Francisco Arroyo Reyes<br \/>\nIBAN : ES75 0049 1216 47 2091574667<br \/>\nConcepto: Subscripcion Chapter Nombre+Apellidos<\/p>\n<p><strong>IMPORTANTE: el n\u00famero de plazas est\u00e1 limitado a 30.<\/strong><\/p>\n<p>Asimismo, nos recuerdan que los requisitos para participar en este Open son:<\/p>\n<ul>\n<li>Poseer la licencia federativa de competici\u00f3n de la Federaci\u00f3n de Pesca de la Comunidad Valenciana<\/li>\n<li>Estar inscrito en la B.A.S.S.<\/li>\n<\/ul>\n<p>Adicionalmente, y como es habitual en el embalse de Cortes, es necesario disponer del pase del acotado. El pase diario del acotado se puede obtener <a href=\"http:\/\/www.valenciabass.com\/?page_id=951\" title=\"Compra de pase diario de Z.P.C. Cortes II\">por Internet<\/a> o en los <a href=\"http:\/\/www.valenciabass.com\/?page_id=511\" title=\"Normativa Acotado Cortes\">puntos de venta autorizados<\/a>.<\/p>\n<p>M\u00e1s adelante os informaremos de los servicios que han dispuesto los ayuntamientos de <a href=\"http:\/\/www.cortesdepallas.es\" title=\"Ayuntamiento de Cortes\" target=\"_blank\">Cortes<\/a> y <a href=\"http:\/\/www.cofrentes.es\" title=\"Ayuntamiento de Cofrentes\" target=\"_blank\">Cofrentes<\/a> para la celebraci\u00f3n del Open Chapter Levante.<\/p>\n","protected":false},"excerpt":{"rendered":"<p>La inscripci\u00f3n ya est\u00e1 cerrada, porque se ha completado el cupo m\u00e1ximo de 30 competidores, pero la informaci\u00f3n abajo todav\u00eda puede ser de inter\u00e9s. Como os informamos hace unos d\u00edas se va a celebrar el Open del Chapter de Levante <span class=\"excerpt-dots\">&hellip;<\/span> <a class=\"more-link\" href=\"https:\/\/www.valenciabass.com\/?page_id=6174\"><span class=\"more-msg\">Sigue leyendo &rarr;<\/span><\/a><\/p>\n","protected":false},"author":2,"featured_media":0,"parent":0,"menu_order":0,"comment_status":"closed","ping_status":"closed","template":"","meta":{"_monsterinsights_skip_tracking":false,"_monsterinsights_sitenote_active":false,"_monsterinsights_sitenote_note":"","_monsterinsights_sitenote_category":0,"ngg_post_thumbnail":0,"footnotes":""},"class_list":["post-6174","page","type-page","status-publish","hentry"],"_links":{"self":[{"href":"https:\/\/www.valenciabass.com\/index.php?rest_route=\/wp\/v2\/pages\/6174","targetHints":{"allow":["GET"]}}],"collection":[{"href":"https:\/\/www.valenciabass.com\/index.php?rest_route=\/wp\/v2\/pages"}],"about":[{"href":"https:\/\/www.valenciabass.com\/index.php?rest_route=\/wp\/v2\/types\/page"}],"author":[{"embeddable":true,"href":"https:\/\/www.valenciabass.com\/index.php?rest_route=\/wp\/v2\/users\/2"}],"replies":[{"embeddable":true,"href":"https:\/\/www.valenciabass.com\/index.php?rest_route=%2Fwp%2Fv2%2Fcomments&post=6174"}],"version-history":[{"count":1,"href":"https:\/\/www.valenciabass.com\/index.php?rest_route=\/wp\/v2\/pages\/6174\/revisions"}],"predecessor-version":[{"id":6175,"href":"https:\/\/www.valenciabass.com\/index.php?rest_route=\/wp\/v2\/pages\/6174\/revisions\/6175"}],"wp:attachment":[{"href":"https:\/\/www.valenciabass.com\/index.php?rest_route=%2Fwp%2Fv2%2Fmedia&parent=6174"}],"curies":[{"name":"wp","href":"https:\/\/api.w.org\/{rel}","templated":true}]}}