{"id":511,"date":"2011-10-29T13:54:33","date_gmt":"2011-10-29T13:54:33","guid":{"rendered":"http:\/\/www.valenciabass.com\/web2\/?page_id=511"},"modified":"2024-02-19T21:08:22","modified_gmt":"2024-02-19T20:08:22","slug":"normativa-zpc-cortes-ii","status":"publish","type":"page","link":"https:\/\/www.valenciabass.com\/?page_id=511","title":{"rendered":"Normativa ZPC Cortes II"},"content":{"rendered":"<p>D\u00eda no h\u00e1bil: lunes y martes no festivos auton\u00f3micos o nacionales.<br \/>\nD\u00edas h\u00e1biles: mi\u00e9rcoles, jueves, viernes, s\u00e1bado, domingos y festivos auton\u00f3micos y nacionales.<\/p>\n<p>ABRIL: OBLIGADO CAPTURA Y SUELTA<br \/>\n1 MAYO &#8211; 31 MAYO: PROHIBIDA LA PESCA Y LA NAVEGACI\u00d3N.<\/p>\n<p><!--\n\n\n<h4>Medidas m\u00ednimas y n\u00famero m\u00e1ximo de capturas:<\/h4>\n\n\n\n\n<ol>\n \t\n\n<li>Black-Bass: 1 Ejemplar mayor de 50 cm.<\/li>\n\n\n \t\n\n<li>Lucio: 4 Ejemplares mayores de 55 cm.<\/li>\n\n\n \t\n\n<li>Carpa: 6 Ejemplares mayores de 18 cm.<\/li>\n\n\n<\/ol>\n\n\n--><\/p>\n<h4>Resumen:<\/h4>\n<ol>\n<li>Obligatorio el sacrificio de todos los ejemplares de lucioperca capturados.<\/li>\n<li>Permitidos \u00fanicamente cebos artificiales y naturales de origen vegetal.<\/li>\n<li>Prohibidos los cebos naturales de origen animal y todos los cebos vivos.<\/li>\n<li><strong>Se prohibe transportar la especie black-bass en los viveros o cualquier otro medio fuera de los d\u00edas y fechas concretas de competiciones oficiales autorizadas por la FPCV, por tanto, el captura y suelta deber\u00e1 ser inmediato.<\/strong><\/li>\n<\/ol>\n<p>Es obligatorio estar en posesi\u00f3n del pase del acotado y la licencia Federativa de la Comunidad Valenciana:<\/p>\n<ol>\n<li>El pescador CON licencia Federativa en vigencia de la F.P.C.V. coste del pase diario 10 \u20ac.<\/li>\n<li>El pescador SIN licencia Federativa en vigencia de la F.P.C.V. estar\u00e1 obligado a tramitarla para poderle expedir los pases.<\/li>\n<li>La Federaci\u00f3n remitir\u00e1 por correo la Federativa expedida a todos los deportistas que la tramiten.<\/li>\n<\/ol>\n<p>Ante cualquier duda o imprevisto, disponemos de un servicio de Guarder\u00eda de dicho Acotado:<\/p>\n<p><strong>Emilio (Tel\u00e9fono: 655436564)<\/strong><br \/>\nHorario de atenci\u00f3n al p\u00fablico:<\/p>\n<ul>\n<li>Viernes 18:00-20:00<\/li>\n<li>S\u00e1bados todo el d\u00eda<\/li>\n<li>Domingo hasta las 14:00<\/li>\n<li>Festivos todo el d\u00eda<\/li>\n<li>V\u00edspera de festivos de 18:00-20:00<\/li>\n<\/ul>\n<p><!--\n\n\n<h4>Expedici\u00f3n de PASES para el Acotado de Cortes de Pall\u00e1s:<\/h4>\n\n\n\n\n<ul>\n \t\n\n<li style=\"list-style-type: none;\">\n\n\n<ul>\n \t\n\n<li>Guarda del coto \"Emilio\": Tel\u00e9fono 655436564<\/li>\n\n\n \t\n\n<li> Tienda: PACO REVERT PESCA (multiespecies, r\u00edo, mar...)\nDirecci\u00f3n: C\/ Alboraya 73, Valencia\nTel\u00e9fono: 963697367<\/li>\n\n\n \t\n\n<li> Tienda: ARMERIA QUINTER SOLLANA (caza, pesca...)\nDirecci\u00f3n : C\/ Ribera Baixa n\u00ba 151, Sollana (Valencia).\nTel\u00e9fono: 961740963<\/li>\n\n\n \t\n\n<li> Tienda: ARMERIA 43 (caza, pesca...)\nDirecci\u00f3n: C\/ Dr. Corach\u00e1n 42, Chiva (Valencia).\nTel\u00e9fono: 962521010<\/li>\n\n\n \t\n\n<li>Bar Chema\nDirecci\u00f3n: Av. Dr. S\u00e1nchez Urzaiz, Cortes de Pall\u00e1s (Valencia)\nTel\u00e9fono: 962517040\nweb: <a href=\"http:\/\/www.restaurantechema.es\" title=\"Restaurante Chema\" target=\"_blank\" rel=\"noopener\">http:\/\/www.restaurantechema.es<\/a><\/li>\n\n\n<\/ul>\n\n\n<\/li>\n\n\n<\/ul>\n\n\n&nbsp;\n\n\n<ul>\n \t\n\n<li>Por internet: <a title=\"Compra de pase diario de Z.P.C. Cortes II\" href=\"http:\/\/www.valenciabass.com\/?page_id=951\">Compra de pase diario de Z.P.C. Cortes II<\/a><\/li>\n\n\n<\/ul>\n\n\n--><\/p>\n","protected":false},"excerpt":{"rendered":"<p>D\u00eda no h\u00e1bil: lunes y martes no festivos auton\u00f3micos o nacionales. D\u00edas h\u00e1biles: mi\u00e9rcoles, jueves, viernes, s\u00e1bado, domingos y festivos auton\u00f3micos y nacionales. ABRIL: OBLIGADO CAPTURA Y SUELTA 1 MAYO &#8211; 31 MAYO: PROHIBIDA LA PESCA Y LA NAVEGACI\u00d3N. Resumen: <span class=\"excerpt-dots\">&hellip;<\/span> <a class=\"more-link\" href=\"https:\/\/www.valenciabass.com\/?page_id=511\"><span class=\"more-msg\">Sigue leyendo &rarr;<\/span><\/a><\/p>\n","protected":false},"author":2,"featured_media":0,"parent":0,"menu_order":0,"comment_status":"closed","ping_status":"closed","template":"","meta":{"_monsterinsights_skip_tracking":false,"_monsterinsights_sitenote_active":false,"_monsterinsights_sitenote_note":"","_monsterinsights_sitenote_category":0,"ngg_post_thumbnail":0,"footnotes":""},"class_list":["post-511","page","type-page","status-publish","hentry"],"_links":{"self":[{"href":"https:\/\/www.valenciabass.com\/index.php?rest_route=\/wp\/v2\/pages\/511","targetHints":{"allow":["GET"]}}],"collection":[{"href":"https:\/\/www.valenciabass.com\/index.php?rest_route=\/wp\/v2\/pages"}],"about":[{"href":"https:\/\/www.valenciabass.com\/index.php?rest_route=\/wp\/v2\/types\/page"}],"author":[{"embeddable":true,"href":"https:\/\/www.valenciabass.com\/index.php?rest_route=\/wp\/v2\/users\/2"}],"replies":[{"embeddable":true,"href":"https:\/\/www.valenciabass.com\/index.php?rest_route=%2Fwp%2Fv2%2Fcomments&post=511"}],"version-history":[{"count":25,"href":"https:\/\/www.valenciabass.com\/index.php?rest_route=\/wp\/v2\/pages\/511\/revisions"}],"predecessor-version":[{"id":13732,"href":"https:\/\/www.valenciabass.com\/index.php?rest_route=\/wp\/v2\/pages\/511\/revisions\/13732"}],"wp:attachment":[{"href":"https:\/\/www.valenciabass.com\/index.php?rest_route=%2Fwp%2Fv2%2Fmedia&parent=511"}],"curies":[{"name":"wp","href":"https:\/\/api.w.org\/{rel}","templated":true}]}}