{"id":510,"date":"2011-10-19T22:05:51","date_gmt":"2011-10-19T22:05:51","guid":{"rendered":"http:\/\/www.valenciabass.com\/web2\/?page_id=510"},"modified":"2016-12-05T12:01:11","modified_gmt":"2016-12-05T11:01:11","slug":"normativa","status":"publish","type":"page","link":"https:\/\/www.valenciabass.com\/?page_id=510","title":{"rendered":"Normativa"},"content":{"rendered":"<p>En esta secci\u00f3n ponemos a vuestra disposici\u00f3n las diferentes normativas que ata\u00f1en al desarrollo de la pesca deportiva.<\/p>\n<ul>\n<li><a title=\"Normativa ZPC Cortes II\" href=\"?page_id=511\">Normativa e informaci\u00f3n sobre ZPC Cortes II.<\/a><\/li>\n<p>&nbsp;<\/p>\n<li><a href=\"http:\/\/www.valenciabass.com\/wp-content\/uploads\/OrdenVedas2016.pdf\">ORDEN 30\/2016, de 31 de octubre, de la Conselleria de Agricultura, Medio Ambiente, Cambio Clim\u00e1tico y Desarrollo Rural, por la que se fijan los periodos h\u00e1biles y las normas generales relacionadas con la pesca recreativa en aguas continentales de la Comunitat Valenciana. [2016\/8876] (DOCV Num. 7915 \/ 11.11.2016)<\/a>.<\/li>\n<p>&nbsp;<\/p>\n<li><a href=\"http:\/\/www.valenciabass.com\/wp-content\/uploads\/ReglamentoCompeticionesPescaDeportivayCasting.pdf\">Reglamentos de Competiciones de Pesca Deportiva y Casting &#8211; Normas Gen\u00e9ricas (FEPYC 2012).<\/a><\/li>\n<p>&nbsp;<\/p>\n<li><a href=\"http:\/\/www.valenciabass.com\/wp-content\/uploads\/ReglamentoCompeticionesPescaDeportivayCastingBlackBass.pdf\">Reglamentos de Competiciones de Pesca Deportiva y Casting de la Pesca de Black-Bass (FEPYC 2012).<\/a><\/li>\n<p>&nbsp;<\/p>\n<li><a href=\"wp-content\/uploads\/BOE-B-2011-31211.pdf\">Resoluci\u00f3n de la Presidencia de la Confederaci\u00f3n Hidrogr\u00e1fica del J\u00facar por la que se fijan plazos, condiciones, prohibiciones, limitaciones y otros requisitos para el ejercicio de la navegaci\u00f3n y flotaci\u00f3n en embalses y r\u00edos, y para el ejercicio de otros usos especiales del dominio p\u00fablico hidr\u00e1ulico sujetos a declaraci\u00f3n responsable (BOE 29-09-2011).<\/a><\/li>\n<p>&nbsp;<\/p>\n<li><a href=\"wp-content\/uploads\/BOE-B-2015-2218.pdf\">Resoluci\u00f3n de la Presidencia de la Confederaci\u00f3n Hidrogr\u00e1fica del J\u00facar por la que se modifican determinadas condiciones para el ejercicio de la navegaci\u00f3n en embalses y r\u00edos del \u00e1mbito de la Demarcaci\u00f3n Hidrogr\u00e1fica del J\u00facar. (BOE 26-01-2015).<\/a><\/li>\n<p>&nbsp;<\/p>\n<li><a href=\"wp-content\/uploads\/OrdenGobiernoEmbarcacionesRecreo.pdf\">Real Decreto 875\/2014, de 10 de octubre, por el que se regulan las titulaciones n\u00e1uticas para el gobierno de las embarcaciones de recreo (BOE 11-10-2014).<\/a><\/li>\n<\/ul>\n","protected":false},"excerpt":{"rendered":"<p>En esta secci\u00f3n ponemos a vuestra disposici\u00f3n las diferentes normativas que ata\u00f1en al desarrollo de la pesca deportiva. Normativa e informaci\u00f3n sobre ZPC Cortes II. &nbsp; ORDEN 30\/2016, de 31 de octubre, de la Conselleria de Agricultura, Medio Ambiente, Cambio <span class=\"excerpt-dots\">&hellip;<\/span> <a class=\"more-link\" href=\"https:\/\/www.valenciabass.com\/?page_id=510\"><span class=\"more-msg\">Sigue leyendo &rarr;<\/span><\/a><\/p>\n","protected":false},"author":2,"featured_media":0,"parent":0,"menu_order":0,"comment_status":"closed","ping_status":"closed","template":"","meta":{"_monsterinsights_skip_tracking":false,"_monsterinsights_sitenote_active":false,"_monsterinsights_sitenote_note":"","_monsterinsights_sitenote_category":0,"ngg_post_thumbnail":0,"footnotes":""},"class_list":["post-510","page","type-page","status-publish","hentry"],"_links":{"self":[{"href":"https:\/\/www.valenciabass.com\/index.php?rest_route=\/wp\/v2\/pages\/510","targetHints":{"allow":["GET"]}}],"collection":[{"href":"https:\/\/www.valenciabass.com\/index.php?rest_route=\/wp\/v2\/pages"}],"about":[{"href":"https:\/\/www.valenciabass.com\/index.php?rest_route=\/wp\/v2\/types\/page"}],"author":[{"embeddable":true,"href":"https:\/\/www.valenciabass.com\/index.php?rest_route=\/wp\/v2\/users\/2"}],"replies":[{"embeddable":true,"href":"https:\/\/www.valenciabass.com\/index.php?rest_route=%2Fwp%2Fv2%2Fcomments&post=510"}],"version-history":[{"count":35,"href":"https:\/\/www.valenciabass.com\/index.php?rest_route=\/wp\/v2\/pages\/510\/revisions"}],"predecessor-version":[{"id":9880,"href":"https:\/\/www.valenciabass.com\/index.php?rest_route=\/wp\/v2\/pages\/510\/revisions\/9880"}],"wp:attachment":[{"href":"https:\/\/www.valenciabass.com\/index.php?rest_route=%2Fwp%2Fv2%2Fmedia&parent=510"}],"curies":[{"name":"wp","href":"https:\/\/api.w.org\/{rel}","templated":true}]}}