{"id":217,"date":"2011-10-09T09:22:53","date_gmt":"2011-10-09T09:22:53","guid":{"rendered":"http:\/\/www.valenciabass.com\/web2\/?page_id=217"},"modified":"2023-12-25T21:21:42","modified_gmt":"2023-12-25T20:21:42","slug":"quienes-somos-5","status":"publish","type":"page","link":"https:\/\/www.valenciabass.com\/?page_id=217","title":{"rendered":"Bienvenida"},"content":{"rendered":"<p>Nos es grato darte la bienvenida al portal del Valencia Bass Club, un club de pesca con 30 a\u00f1os de historia y m\u00e1s de 200 socios.&nbsp; Si est\u00e1s pensando en apuntarte a un club, perm\u00edteme darte una visi\u00f3n general de los servicios que ofrece nuestro club.<\/p>\n<p>Por una parte, a principios de a\u00f1o el club se encarga de expedir tu licencia federativa y el pase anual del acotado de pesca de Cortes mediante recibo domiciliado, remiti\u00e9ndote ambos a tu domicilio.<\/p>\n<p><a href=\"wp-content\/uploads\/welcome.jpg\"><img loading=\"lazy\" decoding=\"async\" class=\"aligncenter size-full wp-image-737\" title=\"Bienvenida\" src=\"wp-content\/uploads\/welcome.jpg\" alt=\"\" width=\"800\" height=\"296\" srcset=\"https:\/\/www.valenciabass.com\/wp-content\/uploads\/welcome.jpg 800w, https:\/\/www.valenciabass.com\/wp-content\/uploads\/welcome-300x111.jpg 300w\" sizes=\"auto, (max-width: 800px) 100vw, 800px\" \/><\/a><\/p>\n<p>Por otra parte, si dispones de una embarcaci\u00f3n, el club se encarga de gestionar la obtenci\u00f3n de tu permiso de navegaci\u00f3n por la Confederaci\u00f3n Hidrogr\u00e1fica del J\u00facar (CHJ), previa entrega de la documentaci\u00f3n necesaria. Llegado el momento de la presentaci\u00f3n de dicha documentaci\u00f3n, el club informar\u00e1 a todos sus socios, ya que la gesti\u00f3n del permiso de navegaci\u00f3n se realiza una vez al a\u00f1o de forma conjunta para todos los socios. Esto nos permite disfrutar de un 90% de descuento en los c\u00e1nones de navegaci\u00f3n fijados por la CHJ.<\/p>\n<p>Asimismo, el club te ofrece la posibilidad de participar en competiciones internas (ligas sociales) que se celebran a lo largo del a\u00f1o en tres categor\u00edas: pesca de black-bass desde pato y embarcaci\u00f3n, y carp fishing. Para ello es necesario el pago de la cuota de inscripci\u00f3n a estas competiciones internas. Estas competiciones internas son clasificatorias para el concurso auton\u00f3mico de la Comunidad Valenciana, paso previo al campeonato de Espa\u00f1a.<\/p>\n<p>Adem\u00e1s de las competiciones internas, el club a trav\u00e9s de su comit\u00e9 de festejos organiza actividades l\u00fadico-festivas alrededor de jornadas de pesca en distintos embalses de la Comunidad Valenciana. No dudes en apuntarte a ellas para conocer a tus compa\u00f1eros de club y pasar un buen rato.<\/p>\n<p><a href=\"wp-content\/uploads\/LucioJamonero.jpg\"><img loading=\"lazy\" decoding=\"async\" title=\"Salida de Lucio Jamonero\" src=\"wp-content\/uploads\/LucioJamonero.jpg\" alt=\"\" width=\"750\" height=\"600\"><\/a><\/p>\n<p>Pero al margen de todas estas competiciones, no hay que olvidar las cenas de los socios el primer jueves de cada mes en el Bar El Ninot (C\/ de Polo y Peyrol\u00f3n, 44 de Valencia).<\/p>\n<p><a href=\"wp-content\/uploads\/catch-release.jpg\"><img loading=\"lazy\" decoding=\"async\" class=\"aligncenter size-full wp-image-739\" title=\"catch-release\" src=\"wp-content\/uploads\/catch-release.jpg\" alt=\"\" width=\"800\" height=\"296\" srcset=\"https:\/\/www.valenciabass.com\/wp-content\/uploads\/catch-release.jpg 800w, https:\/\/www.valenciabass.com\/wp-content\/uploads\/catch-release-300x111.jpg 300w\" sizes=\"auto, (max-width: 800px) 100vw, 800px\" \/><\/a><\/p>\n<p>Recibe un cordial saludo y buena pesca,<\/p>\n<h4>Valencia Bass Club<\/h4>\n","protected":false},"excerpt":{"rendered":"<p>Nos es grato darte la bienvenida al portal del Valencia Bass Club, un club de pesca con 30 a\u00f1os de historia y m\u00e1s de 200 socios.&nbsp; Si est\u00e1s pensando en apuntarte a un club, perm\u00edteme darte una visi\u00f3n general de <span class=\"excerpt-dots\">&hellip;<\/span> <a class=\"more-link\" href=\"https:\/\/www.valenciabass.com\/?page_id=217\"><span class=\"more-msg\">Sigue leyendo &rarr;<\/span><\/a><\/p>\n","protected":false},"author":2,"featured_media":0,"parent":0,"menu_order":0,"comment_status":"closed","ping_status":"closed","template":"","meta":{"_monsterinsights_skip_tracking":false,"_monsterinsights_sitenote_active":false,"_monsterinsights_sitenote_note":"","_monsterinsights_sitenote_category":0,"ngg_post_thumbnail":0,"footnotes":""},"class_list":["post-217","page","type-page","status-publish","hentry"],"_links":{"self":[{"href":"https:\/\/www.valenciabass.com\/index.php?rest_route=\/wp\/v2\/pages\/217","targetHints":{"allow":["GET"]}}],"collection":[{"href":"https:\/\/www.valenciabass.com\/index.php?rest_route=\/wp\/v2\/pages"}],"about":[{"href":"https:\/\/www.valenciabass.com\/index.php?rest_route=\/wp\/v2\/types\/page"}],"author":[{"embeddable":true,"href":"https:\/\/www.valenciabass.com\/index.php?rest_route=\/wp\/v2\/users\/2"}],"replies":[{"embeddable":true,"href":"https:\/\/www.valenciabass.com\/index.php?rest_route=%2Fwp%2Fv2%2Fcomments&post=217"}],"version-history":[{"count":15,"href":"https:\/\/www.valenciabass.com\/index.php?rest_route=\/wp\/v2\/pages\/217\/revisions"}],"predecessor-version":[{"id":13652,"href":"https:\/\/www.valenciabass.com\/index.php?rest_route=\/wp\/v2\/pages\/217\/revisions\/13652"}],"wp:attachment":[{"href":"https:\/\/www.valenciabass.com\/index.php?rest_route=%2Fwp%2Fv2%2Fmedia&parent=217"}],"curies":[{"name":"wp","href":"https:\/\/api.w.org\/{rel}","templated":true}]}}