{"id":2114,"date":"2012-12-30T20:19:00","date_gmt":"2012-12-30T20:19:00","guid":{"rendered":"http:\/\/www.valenciabass.com\/?page_id=2114"},"modified":"2013-01-06T18:54:15","modified_gmt":"2013-01-06T17:54:15","slug":"novedades","status":"publish","type":"page","link":"https:\/\/www.valenciabass.com\/","title":{"rendered":"Novedades"},"content":{"rendered":"<table style=\"border:none;\">\n<tr>\n<td style=\"border:none;\"><!-- BEGIN Special Recent Posts FREE Edition v2.0.4 --><div class=\"srp-widget-container\"><div id=\"srp-singlepost-1\" class=\"srp-widget-singlepost\"><div class=\"srp-post-content-container\"><div class=\"srp-thumbnail-box\"><a class=\"srp-post-thumbnail-link\" href=\"https:\/\/www.valenciabass.com\/?p=13230\" title=\"Lucio Jamonero Noviembre 2022\"><img decoding=\"async\" src=\"https:\/\/www.valenciabass.com\/wp-content\/plugins\/special-recent-posts\/cache\/srpthumb-p13230-90x120-no.jpg\" class=\"srp-post-thumbnail\" alt=\"Lucio Jamonero Noviembre 2022\" \/><\/a><\/div><div class=\"srp-content-box\"><h4 class=\"srp-post-title\"><a class=\"srp-post-title-link\" href=\"https:\/\/www.valenciabass.com\/?p=13230\" title=\"Lucio Jamonero Noviembre 2022\">Lucio Jamonero Noviembre 2022<\/a><\/h4><div class=\"srp-post-content\">La temporada pasa y sin darnos cuenta,estamos a \u00faltimos de noviembre, y con ello una de las ultimas salidas del a\u00f1o de pesca y como no, una de las m\u00e1s<a class=\"srp-post-stringbreak-link\" href=\"https:\/\/www.valenciabass.com\/?p=13230\" title=\"Lucio Jamonero Noviembre 2022\">...m&aacute;s<\/a><\/div><\/div><\/div><\/div><div id=\"srp-singlepost-2\" class=\"srp-widget-singlepost\"><div class=\"srp-post-content-container\"><div class=\"srp-thumbnail-box\"><a class=\"srp-post-thumbnail-link\" href=\"https:\/\/www.valenciabass.com\/?p=13159\" title=\"The life is for enjoy it!\"><img decoding=\"async\" src=\"https:\/\/www.valenciabass.com\/wp-content\/plugins\/special-recent-posts\/cache\/srpthumb-p13159-90x120-no.jpeg\" class=\"srp-post-thumbnail\" alt=\"The life is for enjoy it!\" \/><\/a><\/div><div class=\"srp-content-box\"><h4 class=\"srp-post-title\"><a class=\"srp-post-title-link\" href=\"https:\/\/www.valenciabass.com\/?p=13159\" title=\"The life is for enjoy it!\">The life is for enjoy it!<\/a><\/h4><div class=\"srp-post-content\">\nDespu\u00e9s de un a\u00f1o 2020 en el que no se pudo hacer el tradicional viaje a tierras cordobesas entre la pandemia y mi espalda, lleg\u00f3 el momento de cuadr<a class=\"srp-post-stringbreak-link\" href=\"https:\/\/www.valenciabass.com\/?p=13159\" title=\"The life is for enjoy it!\">...m&aacute;s<\/a><\/div><\/div><\/div><\/div><div id=\"srp-singlepost-3\" class=\"srp-widget-singlepost\"><div class=\"srp-post-content-container\"><div class=\"srp-thumbnail-box\"><a class=\"srp-post-thumbnail-link\" href=\"https:\/\/www.valenciabass.com\/?p=13090\" title=\"Finde del club 2022\"><img decoding=\"async\" src=\"https:\/\/www.valenciabass.com\/wp-content\/plugins\/special-recent-posts\/cache\/srpthumb-p13090-90x120-no.jpg\" class=\"srp-post-thumbnail\" alt=\"Finde del club 2022\" \/><\/a><\/div><div class=\"srp-content-box\"><h4 class=\"srp-post-title\"><a class=\"srp-post-title-link\" href=\"https:\/\/www.valenciabass.com\/?p=13090\" title=\"Finde del club 2022\">Finde del club 2022<\/a><\/h4><div class=\"srp-post-content\">\nDespu\u00e9s de 2 a\u00f1os sin aniversario ni finde del club, ya tocaba esta primavera hacer un evento del club para pasar un fin de semana diferente. En juni<a class=\"srp-post-stringbreak-link\" href=\"https:\/\/www.valenciabass.com\/?p=13090\" title=\"Finde del club 2022\">...m&aacute;s<\/a><\/div><\/div><\/div><\/div><\/div><!-- END Special Recent Posts FREE Edition v2.0.4 --><\/td>\n<td style=\"border:none;\"><!-- BEGIN Special Recent Posts FREE Edition v2.0.4 --><div class=\"srp-widget-container\"><div id=\"srp-singlepost-1\" class=\"srp-widget-singlepost\"><div class=\"srp-post-content-container\"><div class=\"srp-thumbnail-box\"><a class=\"srp-post-thumbnail-link\" href=\"https:\/\/www.valenciabass.com\/?p=13619\" title=\"S&#xC9;PTIMO (Y &#xDA;LTIMO) SOCIAL BASS EMBARCACI&#xD3;N - VBC 2023\"><img decoding=\"async\" src=\"https:\/\/www.valenciabass.com\/wp-content\/plugins\/special-recent-posts\/cache\/srpthumb-p13619-90x120-no.png\" class=\"srp-post-thumbnail\" alt=\"S&Eacute;PTIMO (Y &Uacute;LTIMO) SOCIAL BASS EMBARCACI&Oacute;N - VBC 2023\" \/><\/a><\/div><div class=\"srp-content-box\"><h4 class=\"srp-post-title\"><a class=\"srp-post-title-link\" href=\"https:\/\/www.valenciabass.com\/?p=13619\" title=\"S&#xC9;PTIMO (Y &#xDA;LTIMO) SOCIAL BASS EMBARCACI&#xD3;N - VBC 2023\">S&Eacute;PTIMO (Y &Uacute;LTIMO) SOCIAL BASS EMBARCACI&Oacute;N - VBC 2023<\/a><\/h4><div class=\"srp-post-content\">\nFinalmente, hab\u00eda llegado el d\u00eda. Era la \u00faltima oportunidad para hacer un buen pesaje y tratar de conseguir el objetivo que se hubiera marcado cada e<a class=\"srp-post-stringbreak-link\" href=\"https:\/\/www.valenciabass.com\/?p=13619\" title=\"S&#xC9;PTIMO (Y &#xDA;LTIMO) SOCIAL BASS EMBARCACI&#xD3;N - VBC 2023\">...m&aacute;s<\/a><\/div><\/div><\/div><\/div><div id=\"srp-singlepost-2\" class=\"srp-widget-singlepost\"><div class=\"srp-post-content-container\"><div class=\"srp-thumbnail-box\"><a class=\"srp-post-thumbnail-link\" href=\"https:\/\/www.valenciabass.com\/?p=13594\" title=\"SEXTO SOCIAL BASS EMBARCACI&#xD3;N - VBC 2023\"><img decoding=\"async\" src=\"https:\/\/www.valenciabass.com\/wp-content\/plugins\/special-recent-posts\/cache\/srpthumb-p13594-90x120-no.png\" class=\"srp-post-thumbnail\" alt=\"SEXTO SOCIAL BASS EMBARCACI&Oacute;N - VBC 2023\" \/><\/a><\/div><div class=\"srp-content-box\"><h4 class=\"srp-post-title\"><a class=\"srp-post-title-link\" href=\"https:\/\/www.valenciabass.com\/?p=13594\" title=\"SEXTO SOCIAL BASS EMBARCACI&#xD3;N - VBC 2023\">SEXTO SOCIAL BASS EMBARCACI&Oacute;N - VBC 2023<\/a><\/h4><div class=\"srp-post-content\">\nAproximadamente un mes despu\u00e9s del doble de Cortes, llegaba el pen\u00faltimo social de la liga de bass embarcaci\u00f3n del club, esta vez en el embalse de To<a class=\"srp-post-stringbreak-link\" href=\"https:\/\/www.valenciabass.com\/?p=13594\" title=\"SEXTO SOCIAL BASS EMBARCACI&#xD3;N - VBC 2023\">...m&aacute;s<\/a><\/div><\/div><\/div><\/div><div id=\"srp-singlepost-3\" class=\"srp-widget-singlepost\"><div class=\"srp-post-content-container\"><div class=\"srp-thumbnail-box\"><a class=\"srp-post-thumbnail-link\" href=\"https:\/\/www.valenciabass.com\/?p=13530\" title=\"DOBLE BASS EMBARCACI&#xD3;N - VBC 2023\"><img decoding=\"async\" src=\"https:\/\/www.valenciabass.com\/wp-content\/plugins\/special-recent-posts\/cache\/srpthumb-p13530-90x120-no.png\" class=\"srp-post-thumbnail\" alt=\"DOBLE BASS EMBARCACI&Oacute;N - VBC 2023\" \/><\/a><\/div><div class=\"srp-content-box\"><h4 class=\"srp-post-title\"><a class=\"srp-post-title-link\" href=\"https:\/\/www.valenciabass.com\/?p=13530\" title=\"DOBLE BASS EMBARCACI&#xD3;N - VBC 2023\">DOBLE BASS EMBARCACI&Oacute;N - VBC 2023<\/a><\/h4><div class=\"srp-post-content\">\nPor primera vez desde que tengo recuerdos, el VBC no celebrar\u00eda un social durante el mes de julio, medida tomada por la Directiva con buen criterio c<a class=\"srp-post-stringbreak-link\" href=\"https:\/\/www.valenciabass.com\/?p=13530\" title=\"DOBLE BASS EMBARCACI&#xD3;N - VBC 2023\">...m&aacute;s<\/a><\/div><\/div><\/div><\/div><\/div><!-- END Special Recent Posts FREE Edition v2.0.4 --><\/td>\n<\/tr>\n<\/table>\n","protected":false},"excerpt":{"rendered":" <a class=\"more-link\" href=\"https:\/\/www.valenciabass.com\/\"><span class=\"more-msg\">Sigue leyendo &rarr;<\/span><\/a>","protected":false},"author":2,"featured_media":0,"parent":0,"menu_order":0,"comment_status":"closed","ping_status":"closed","template":"","meta":{"_monsterinsights_skip_tracking":false,"_monsterinsights_sitenote_active":false,"_monsterinsights_sitenote_note":"","_monsterinsights_sitenote_category":0,"ngg_post_thumbnail":0,"footnotes":""},"class_list":["post-2114","page","type-page","status-publish","hentry"],"_links":{"self":[{"href":"https:\/\/www.valenciabass.com\/index.php?rest_route=\/wp\/v2\/pages\/2114","targetHints":{"allow":["GET"]}}],"collection":[{"href":"https:\/\/www.valenciabass.com\/index.php?rest_route=\/wp\/v2\/pages"}],"about":[{"href":"https:\/\/www.valenciabass.com\/index.php?rest_route=\/wp\/v2\/types\/page"}],"author":[{"embeddable":true,"href":"https:\/\/www.valenciabass.com\/index.php?rest_route=\/wp\/v2\/users\/2"}],"replies":[{"embeddable":true,"href":"https:\/\/www.valenciabass.com\/index.php?rest_route=%2Fwp%2Fv2%2Fcomments&post=2114"}],"version-history":[{"count":56,"href":"https:\/\/www.valenciabass.com\/index.php?rest_route=\/wp\/v2\/pages\/2114\/revisions"}],"predecessor-version":[{"id":2252,"href":"https:\/\/www.valenciabass.com\/index.php?rest_route=\/wp\/v2\/pages\/2114\/revisions\/2252"}],"wp:attachment":[{"href":"https:\/\/www.valenciabass.com\/index.php?rest_route=%2Fwp%2Fv2%2Fmedia&parent=2114"}],"curies":[{"name":"wp","href":"https:\/\/api.w.org\/{rel}","templated":true}]}}